{"id":43,"date":"2026-03-14T12:19:54","date_gmt":"2026-03-14T12:19:54","guid":{"rendered":"https:\/\/marex.rs\/marex-jpc\/?post_type=product&#038;p=43"},"modified":"2026-03-14T12:20:19","modified_gmt":"2026-03-14T12:20:19","slug":"auto-miris-hawai-250-ml","status":"publish","type":"product","link":"https:\/\/marex.rs\/marex-jpc\/product\/auto-miris-hawai-250-ml\/","title":{"rendered":"Auto miris hawai 250 ml"},"content":{"rendered":"<p>Sekcija Tekst<br>\nKoli\u010dina 250ml<br>\nSadr\u017eaj SADR\u017dI: MIRIS (ALERGEN COUMARIN).<br>\nUpozorenje (PA\u017dNJA) PA\u017dNJA! Mo\u017ee da izazove alergijske reakcije na ko\u017ei. Izbegavati udisanje spreja. \u010cuvati van doma\u0161aja dece.<br>\nUputstvo za prvu pomo\u0107 AKO DOSPE NA KO\u017dU: Isprati sa dosta vode. Ako do\u0111e do iritacije ko\u017ee ili osipa: Potra\u017eite medicinski savet\/mi\u0161ljenje.<br>\nUpotreba Dobro promu\u0107kati, prskati 1-4 puta najvi\u0161e u zavisnosti od veli\u010dine prostora (na patosnicama auta).<br>\nSastav Sastav: 10% &#8211; 20% miris, sme\u0161a: 5-hlor-2-metil-4-izotiazolin-3-ona i 2-metil-4-izotiazolin-3-ona (3:1).<br>\nProizvo\u0111a\u010d Proizvodi i puni: S.Z.R. Marex, Omladinska 26, 26201 Jabuka, Republika Srbija.<br>\nKontakt 063362703, email: slavisamarex@gmail.com, www.marex.rs.<br>\nRok trajanja Datum upotrebe 3 god. Datum proizvodnje ozna\u010den na ambala\u017ei.<\/p>","protected":false},"excerpt":{"rendered":"<p>Redni br. (No.) Sastojak (Ingredient)<br \/>\n1 Voda (Water)<br \/>\n2 Sodium laureth sulfat<br \/>\n3 PE-wax emulsion<br \/>\n4 Poli(oksi-1,2-etandiil), alfa.-(2-propilheptil)-omega.-hidroksi<br \/>\n5 Glycerides, coco mono- and di-, ethoxylated<br \/>\n6 Kokamide DEA<br \/>\n7 Glycol distearate<br \/>\n8 sme\u0161a: 5-hlor-2-metil-4-izotiazolin-3-ona [EC br.247-500-7] i 2-metil-4-izotiazolin-3-ona [EC br.: 220-239-6]<br \/>\n9 miris (Benzyl salicylate, Cinnamal, Citronellol)<\/p>\n<p>&nbsp;<\/p>\n<p>&nbsp;<\/p>\n","protected":false},"featured_media":72,"comment_status":"open","ping_status":"closed","template":"","meta":[],"product_brand":[],"product_cat":[16,20,15],"product_tag":[],"class_list":{"0":"post-43","1":"product","2":"type-product","3":"status-publish","4":"has-post-thumbnail","6":"product_cat-auto-kozmetika","7":"product_cat-iznutra","8":"product_cat-uncategorized","10":"first","11":"instock","12":"taxable","13":"shipping-taxable","14":"purchasable","15":"product-type-simple"},"_links":{"self":[{"href":"https:\/\/marex.rs\/marex-jpc\/wp-json\/wp\/v2\/product\/43","targetHints":{"allow":["GET"]}}],"collection":[{"href":"https:\/\/marex.rs\/marex-jpc\/wp-json\/wp\/v2\/product"}],"about":[{"href":"https:\/\/marex.rs\/marex-jpc\/wp-json\/wp\/v2\/types\/product"}],"replies":[{"embeddable":true,"href":"https:\/\/marex.rs\/marex-jpc\/wp-json\/wp\/v2\/comments?post=43"}],"wp:featuredmedia":[{"embeddable":true,"href":"https:\/\/marex.rs\/marex-jpc\/wp-json\/wp\/v2\/media\/72"}],"wp:attachment":[{"href":"https:\/\/marex.rs\/marex-jpc\/wp-json\/wp\/v2\/media?parent=43"}],"wp:term":[{"taxonomy":"product_brand","embeddable":true,"href":"https:\/\/marex.rs\/marex-jpc\/wp-json\/wp\/v2\/product_brand?post=43"},{"taxonomy":"product_cat","embeddable":true,"href":"https:\/\/marex.rs\/marex-jpc\/wp-json\/wp\/v2\/product_cat?post=43"},{"taxonomy":"product_tag","embeddable":true,"href":"https:\/\/marex.rs\/marex-jpc\/wp-json\/wp\/v2\/product_tag?post=43"}],"curies":[{"name":"wp","href":"https:\/\/api.w.org\/{rel}","templated":true}]}}